{"id":175,"date":"2025-09-27T15:13:16","date_gmt":"2025-09-27T15:13:16","guid":{"rendered":"http:\/\/www.hakone-symposium.org\/?page_id=175"},"modified":"2026-02-03T17:12:57","modified_gmt":"2026-02-03T17:12:57","slug":"local-organizing-committee","status":"publish","type":"page","link":"https:\/\/www.hakone-symposium.org\/index.php\/hakone-2026-2\/local-organizing-committee\/","title":{"rendered":"Local Organizing Committee"},"content":{"rendered":"\t\t<div data-elementor-type=\"wp-page\" data-elementor-id=\"175\" class=\"elementor elementor-175\">\n\t\t\t\t<div class=\"elementor-element elementor-element-5eac4fd7 e-flex e-con-boxed e-con e-parent\" data-id=\"5eac4fd7\" data-element_type=\"container\" data-e-type=\"container\">\n\t\t\t\t\t<div class=\"e-con-inner\">\n\t\t\t\t<div class=\"elementor-element elementor-element-7bd0d957 elementor-widget elementor-widget-text-editor\" data-id=\"7bd0d957\" data-element_type=\"widget\" data-e-type=\"widget\" data-widget_type=\"text-editor.default\">\n\t\t\t\t\t\t\t\t\t<h1>Local Organizing Committee<\/h1>\n<ul style=\"margin-left: 2rem; color: #000;\">\n \t<li><strong>\u00c9mile Carbone<\/strong>, Universit\u00e9 du Qu\u00e9bec INRS-EMT<\/li>\n \t<li><strong>Sylvain Coulombe<\/strong>, McGill University<\/li>\n \t<li><strong>Ahmad Hamdan<\/strong>, Universit\u00e9 de Montr\u00e9al, Co-Chair<\/li>\n \t<li><strong>Mark J. Kushner<\/strong>, University of Michigan, Co-Chair<\/li>\n \t<li><strong>Jo\u00eblle Margot<\/strong>, Universit\u00e9 de Montr\u00e9al<\/li>\n \t<li><strong>Jacopo Profili<\/strong>, Universit\u00e9 du Qu\u00e9bec \u00e0 Rimouski<\/li>\n \t<li><strong>Luc Stafford<\/strong>, Universit\u00e9 de Montr\u00e9al<\/li>\n<\/ul>\t\t\t\t\t\t\t\t<\/div>\n\t\t\t\t\t<\/div>\n\t\t\t\t<\/div>\n\t\t\t\t<\/div>\n\t\t","protected":false},"excerpt":{"rendered":"<p>Local Organizing Committee \u00c9mile Carbone, Universit\u00e9 du Qu\u00e9bec INRS-EMT Sylvain Coulombe, McGill University Ahmad Hamdan, Universit\u00e9 de Montr\u00e9al, Co-Chair Mark J. Kushner, University of Michigan, Co-Chair Jo\u00eblle Margot, Universit\u00e9 de Montr\u00e9al Jacopo Profili, Universit\u00e9 du Qu\u00e9bec \u00e0 Rimouski Luc Stafford, Universit\u00e9 de Montr\u00e9al<\/p>\n","protected":false},"author":1,"featured_media":0,"parent":96,"menu_order":0,"comment_status":"closed","ping_status":"closed","template":"","meta":{"footnotes":""},"class_list":["post-175","page","type-page","status-publish","hentry"],"_links":{"self":[{"href":"https:\/\/www.hakone-symposium.org\/index.php\/wp-json\/wp\/v2\/pages\/175","targetHints":{"allow":["GET"]}}],"collection":[{"href":"https:\/\/www.hakone-symposium.org\/index.php\/wp-json\/wp\/v2\/pages"}],"about":[{"href":"https:\/\/www.hakone-symposium.org\/index.php\/wp-json\/wp\/v2\/types\/page"}],"author":[{"embeddable":true,"href":"https:\/\/www.hakone-symposium.org\/index.php\/wp-json\/wp\/v2\/users\/1"}],"replies":[{"embeddable":true,"href":"https:\/\/www.hakone-symposium.org\/index.php\/wp-json\/wp\/v2\/comments?post=175"}],"version-history":[{"count":22,"href":"https:\/\/www.hakone-symposium.org\/index.php\/wp-json\/wp\/v2\/pages\/175\/revisions"}],"predecessor-version":[{"id":907,"href":"https:\/\/www.hakone-symposium.org\/index.php\/wp-json\/wp\/v2\/pages\/175\/revisions\/907"}],"up":[{"embeddable":true,"href":"https:\/\/www.hakone-symposium.org\/index.php\/wp-json\/wp\/v2\/pages\/96"}],"wp:attachment":[{"href":"https:\/\/www.hakone-symposium.org\/index.php\/wp-json\/wp\/v2\/media?parent=175"}],"curies":[{"name":"wp","href":"https:\/\/api.w.org\/{rel}","templated":true}]}}