{"id":183,"date":"2025-09-27T15:12:41","date_gmt":"2025-09-27T15:12:41","guid":{"rendered":"http:\/\/www.hakone-symposium.org\/?page_id=183"},"modified":"2026-01-14T20:23:18","modified_gmt":"2026-01-14T20:23:18","slug":"venue","status":"publish","type":"page","link":"https:\/\/www.hakone-symposium.org\/index.php\/hakone-2026-2\/venue\/","title":{"rendered":"Venue and Accommodations"},"content":{"rendered":"\t\t<div data-elementor-type=\"wp-page\" data-elementor-id=\"183\" class=\"elementor elementor-183\">\n\t\t\t\t<div class=\"elementor-element elementor-element-349cecdd e-flex e-con-boxed e-con e-parent\" data-id=\"349cecdd\" data-element_type=\"container\" data-e-type=\"container\">\n\t\t\t\t\t<div class=\"e-con-inner\">\n\t\t\t\t<div class=\"elementor-element elementor-element-73f01c8a elementor-widget elementor-widget-text-editor\" data-id=\"73f01c8a\" data-element_type=\"widget\" data-e-type=\"widget\" data-widget_type=\"text-editor.default\">\n\t\t\t\t\t\t\t\t\t<h1>Venue and Accommodations<\/h1>\n\n<ul style=\"margin-left: 2rem;\">\n\t<li><a style=\"text-decoration: underline;\" href=\"#venue\">Conference location<\/a><\/li>\n\t<li><a style=\"text-decoration: underline;\" href=\"#travel\">Travel information<\/a><\/li>\n\t<li><a style=\"text-decoration: underline;\" href=\"#lodging\">Hotels<\/a><\/li>\n\n<\/ul>\n\n<section id=\"venue\" style=\"color: #000000; margin-bottom: 2rem; border-bottom: 1px solid #ccc;\">\n\t<h2 style=\"font-size: 160%;\">Conference location: Campus MIL of Universit\u00e9 de Montr\u00e9al<\/h2>\n\n\t<p style=\"color: #000000;\">The HAKONE XIX conference will be held in the brand new <a style=\"text-decoration: underline;\" href=\"https:\/\/maps.app.goo.gl\/XnyJ1GmD8jrHiHdr8\" target=\"_blank\">Complexe des Sciences<\/a> of Universit\u00e9 de Montr\u00e9al. Note that this complex is <strong>not<\/strong> on the <em>main<\/em> campus of <a style=\"text-decoration: underline;\" href=\"https:\/\/www.umontreal.ca\/\" target=\"_blank\">Universit\u00e9 de Montr\u00e9al<\/a>, but on <a style=\"text-decoration: underline;\" href=\"https:\/\/campusmil.umontreal.ca\/\" target=\"_blank\">Campus MIL<\/a>, 2-3 subway (m\u00e9tro) stations away. The Campus MIL is at walking distance (5 min.) from to 2 m\u00e9tro stations of the Blue line: <strong><a style=\"text-decoration: underline;\" href=\"https:\/\/www.hakone-symposium.org\/wp-content\/uploads\/2026\/01\/outremont.jpg\" target=\"_blank\">Outremont<\/a><\/strong> or <strong><a style=\"text-decoration: underline;\" href=\"https:\/\/www.hakone-symposium.org\/wp-content\/uploads\/2026\/01\/acadie.jpg\" target=\"_blank\">Acadie<\/a><\/strong>.<\/p>\n\t\n\t<p>Street address: 1375 Ave. Th\u00e9r\u00e8se-Lavoie-Roux, Montr\u00e9al. (Note that this is not the mailing address.)<\/p>\n\t\n<\/section>\t\n\n<section id=\"travel\" style=\"color: #000000; margin-bottom: 2rem; border-bottom: 1px solid #ccc;\">\n\t<h2 style=\"font-size: 160%;\">Travel Information<\/h2>\n\t\n\t<h3 style=\"font-size: 120%;\">From your city to Montr\u00e9al<\/h3>\n\t\n\t<p>Montr\u00e9al is easily accessible from across the globe. The city is served by Montr\u00e9al\u2013Trudeau International Airport (YUL), one of Canada\u2019s major international hubs. YUL offers numerous direct flights connecting Montr\u00e9al to major cities in North America, Europe, Asia, the Middle East, and beyond. This extensive network of nonstop routes makes travel efficient and convenient for international conference participants. With frequent daily connections operated by leading global airlines, attendees can reach Montr\u00e9al with minimal transfers. Upon arrival, the airport provides modern facilities and efficient transportation links to downtown Montr\u00e9al.<\/p>\n\t\n\t<h3 style=\"font-size: 120%;\">From the airport to Downtown and Universit\u00e9 de Montr\u00e9al<\/h3>\n\t\n\t<p><strong>Bus:<\/strong> The Montr\u00e9al Airport (YUL) is connected to downtown via city <a style=\"text-decoration: underline;\" href=\"https:\/\/www.stm.info\/en\/info\/networks\/bus-network-and-schedules-enlightened\/747-yul-montreal-trudeau-airport-downtown\" target=\"_blank\">Bus 747<\/a>. The bus stops at m\u00e9tro Lionel-Groulx where you can take the Green and Orange m\u00e9tro lines to the rest of the city (the Terrasse Royale is close to station C\u00f4te-des-neiges (Blue line) and the Marriott Montreal Midtown is close to station Namur (Orange line)).  Please note that to board 747 bus, <a style=\"text-decoration: underline;\" href=\"https:\/\/www.stm.info\/en\/info\/fares\" target=\"_blank\">one needs a 24h pass or 3-day pass; single-passage tickets won\u2019t work<\/a>. Weekly passes would also work but become valid only from the next Monday, so the other two passes are better options if arriving during the weekend. Also note that the A-zone tickets and passes only cover the Montr\u00e9al Island, and not Laval and  the South Shore (Brossard, Longueuil).<\/p>\n\t\n\t<p><strong>Taxi:<\/strong> There is a <a style=\"text-decoration: underline;\" href=\"https:\/\/www.admtl.com\/fr\/acces\/taxis-limousines\" target=\"_blank\">flat rate<\/a> from the airport to downtown, but Universit\u00e9 de Montr\u00e9al is outside that zone so the price will depend on where one goes exactly and how long it takes. It is customary to give a 15% tip to the driver if you are satisfied.<\/p>\n\t\n<\/section>\t\n\n<section id=\"lodging\" style=\"color: #000000;\">\n\t<h2 style=\"font-size: 160%;\">Hotels<\/h2>\n\t<p style=\"color: #000000;\">Room blocks have been reserved at the following hotels:<\/p>\n\n<section>\n<h3 style=\"font-size: 120%;\">1. Marriott Montreal Midtown<\/h3>\n<ul style=\"margin-left: 2rem;\">\n \t<li><a style=\"text-decoration: underline;\" href=\"https:\/\/www.marriott.com\/en-us\/hotels\/yulnd-courtyard-montreal-midtown\/overview\/\" target=\"_blank\" rel=\"noopener\">Courtyard by Marriott Montreal Midtown<\/a> for 189.00 CAD + taxes per night.\nLast day to book: Friday, July 17, 2026.<\/li>\n \t<li><a style=\"text-decoration: underline;\" href=\"https:\/\/www.marriott.com\/en-us\/hotels\/yulrg-residence-inn-montreal-midtown\/overview\/\" target=\"_blank\" rel=\"noopener\">Residence Inn by Marriott Montreal Midtown<\/a> for 209.00 CAD + taxes per night.\nLast day to book: Friday, July 17, 2026.<\/li>\n<\/ul>\n<p style=\"color: #000000;\"><a style=\"text-decoration: underline;\" href=\"https:\/\/app.marriott.com\/reslink?id=1763048777843&amp;key=GRP&amp;app=resvlink\" target=\"_blank\" rel=\"noopener\">Book your group rate for Hakone Symposium<\/a><\/p>\n\n<\/section><section>\n<h3 style=\"font-size: 120%;\">2. <a style=\"text-decoration: underline;\" href=\"https:\/\/terrasse-royale.com\/\" target=\"_blank\" rel=\"noopener\">Terrasse royale<\/a><\/h3>\n<p style=\"color: #000000;\">Single room 155 CAD + taxes per night; double room 175 CAD + taxes per night.\nLast day to book: July 23, 2026.\nFor booking, please contact the hotel directly: <a style=\"text-decoration: underline;\" href=\"mailto:info@terrasse-royale.com\" target=\"_blank\" rel=\"noopener\">info@terrasse-royale.com<\/a> or phone <strong>+1 514-739-6391<\/strong>. Please mention <strong>HAKONE XIX Symposium<\/strong> when booking to access the special rate.<\/p>\n\n<\/section>\n\n<\/section>\t\t\t\t\t\t\t\t<\/div>\n\t\t\t\t\t<\/div>\n\t\t\t\t<\/div>\n\t\t\t\t<\/div>\n\t\t","protected":false},"excerpt":{"rendered":"<p>Venue and Accommodations Conference location Travel information Hotels Conference location: Campus MIL of Universit\u00e9 de Montr\u00e9al The HAKONE XIX conference will be held in the brand new Complexe des Sciences of Universit\u00e9 de Montr\u00e9al. Note that this complex is not on the main campus of Universit\u00e9 de Montr\u00e9al, but on Campus MIL, 2-3 subway (m\u00e9tro) &hellip; <\/p>\n","protected":false},"author":1,"featured_media":0,"parent":96,"menu_order":0,"comment_status":"closed","ping_status":"closed","template":"","meta":{"footnotes":""},"class_list":["post-183","page","type-page","status-publish","hentry"],"_links":{"self":[{"href":"https:\/\/www.hakone-symposium.org\/index.php\/wp-json\/wp\/v2\/pages\/183","targetHints":{"allow":["GET"]}}],"collection":[{"href":"https:\/\/www.hakone-symposium.org\/index.php\/wp-json\/wp\/v2\/pages"}],"about":[{"href":"https:\/\/www.hakone-symposium.org\/index.php\/wp-json\/wp\/v2\/types\/page"}],"author":[{"embeddable":true,"href":"https:\/\/www.hakone-symposium.org\/index.php\/wp-json\/wp\/v2\/users\/1"}],"replies":[{"embeddable":true,"href":"https:\/\/www.hakone-symposium.org\/index.php\/wp-json\/wp\/v2\/comments?post=183"}],"version-history":[{"count":35,"href":"https:\/\/www.hakone-symposium.org\/index.php\/wp-json\/wp\/v2\/pages\/183\/revisions"}],"predecessor-version":[{"id":872,"href":"https:\/\/www.hakone-symposium.org\/index.php\/wp-json\/wp\/v2\/pages\/183\/revisions\/872"}],"up":[{"embeddable":true,"href":"https:\/\/www.hakone-symposium.org\/index.php\/wp-json\/wp\/v2\/pages\/96"}],"wp:attachment":[{"href":"https:\/\/www.hakone-symposium.org\/index.php\/wp-json\/wp\/v2\/media?parent=183"}],"curies":[{"name":"wp","href":"https:\/\/api.w.org\/{rel}","templated":true}]}}